{"id":22538,"date":"2023-10-10T09:20:02","date_gmt":"2023-10-10T07:20:02","guid":{"rendered":"https:\/\/jh.nl\/product\/granomat-plus\/"},"modified":"2023-10-12T13:23:11","modified_gmt":"2023-10-12T11:23:11","slug":"granomat-plus","status":"publish","type":"product","link":"https:\/\/jh.nl\/de\/product\/granomat-plus\/","title":{"rendered":"Granomat Plus Feuchtigkeitsmesser f\u00fcr Getreide"},"content":{"rendered":"<p>Der Granomat plus dient zur genauen Bestimmung des <strong>Feuchtigkeitsgehalts und des Hektolitergewichts<\/strong> von verschiedenen Getreidesorten. Durch den benutzerfreundlichen Bedienbildschirm und den eingebauten Drucker lassen sich die Messungen einfach verarbeiten und die entnommenen Proben k\u00f6nnen sofort mit den Messwerten und Eigenschaften beschriftet werden.<\/p>\n<p>Der Granomat plus ist <strong>f\u00fcr folgende Getreidesorten geeignet<\/strong>: Ackerbohnen, Dinkel (ohne Spelzen), Durum, Erbsen, Gerste, Hafer, Mais, Raps, Roggen, Sojabohnen, Sonnenblumen, Triticale, Weizen und Sorghum.<\/p>\n<h2>Granomat plus: Messung von Feuchtigkeitsgehalt und Gewicht des Getreides<\/h2>\n<p>Der Benutzer legt die entnommene 600-ml-Probe in den Granomat plus ein. Auf dem Kontrollbildschirm gibt der Benutzer dann an, welche Einstellungen er f\u00fcr die Messung verwenden m\u00f6chte. Die Messung wird dann automatisch durch Dr\u00fccken des entsprechenden Produktsymbols gestartet. Nach 15 Sekunden werden die Probenergebnisse angezeigt und die entsprechende Quittung kann ausgedruckt werden. Der Granomat plus kann die Messdaten auch direkt \u00fcber eine Internetverbindung an den Computer \u00fcbertragen oder sp\u00e4ter \u00fcber einen USB-Stick.<\/p>\n<div style=\"width: 1280px;\" class=\"wp-video\"><video class=\"wp-video-shortcode\" id=\"video-22538-1\" width=\"1280\" height=\"720\" preload=\"metadata\" controls=\"controls\"><source type=\"video\/mp4\" src=\"https:\/\/jh.nl\/wp-content\/uploads\/2023\/10\/Granomat-plus-\u2013-Precise-moisture-measurement-for-optimum-grain-quality.mp4?_=1\" \/><a href=\"https:\/\/jh.nl\/wp-content\/uploads\/2023\/10\/Granomat-plus-\u2013-Precise-moisture-measurement-for-optimum-grain-quality.mp4\">https:\/\/jh.nl\/wp-content\/uploads\/2023\/10\/Granomat-plus-\u2013-Precise-moisture-measurement-for-optimum-grain-quality.mp4<\/a><\/video><\/div>\n<h2>Vorteile Granomat plus Getreidefeuchtemessger\u00e4t<\/h2>\n<ul style=\"list-style-type: square;\">\n<li>Einfache Bestimmung von Feuchtegehalt und Hektolitergewicht der g\u00e4ngigsten Getreidesorten<\/li>\n<li>Benutzerfreundliche Bedienung \u00fcber Farbbildschirm<\/li>\n<li>Messergebnisse in 15 Sekunden<\/li>\n<li>Mit integriertem Thermodrucker Netzwerkanschluss<\/li>\n<li>USB-Schnittstelle zum Anschluss eines Barcodelesers oder eines USB-Sticks<\/li>\n<\/ul>\n<h3>Inklusive<\/h3>\n<ul style=\"list-style-type: square;\">\n<li>Messbecher<\/li>\n<li>Netzkabel<\/li>\n<li>Reinigungszubeh\u00f6r<\/li>\n<li>F\u00fcnf Rollen Druckpapier<\/li>\n<\/ul>\n","protected":false},"excerpt":{"rendered":"<p>Der Granomat plus dient zur genauen Bestimmung des Feuchtigkeitsgehalts und&#8230;<\/p>\n","protected":false},"featured_media":22535,"comment_status":"open","ping_status":"closed","template":"","meta":{"_acf_changed":false},"product_brand":[],"product_cat":[323],"product_tag":[],"class_list":{"0":"post-22538","1":"product","2":"type-product","3":"status-publish","4":"has-post-thumbnail","6":"product_cat-steuerungsgeraete","8":"first","9":"instock","10":"taxable","11":"shipping-taxable","12":"product-type-simple"},"acf":[],"yoast_head":"<!-- This site is optimized with the Yoast SEO plugin v27.4 - https:\/\/yoast.com\/product\/yoast-seo-wordpress\/ -->\n<title>Granomat Plus Feuchtigkeitsmesser f\u00fcr Getreide | Jansen&amp;Heuning<\/title>\n<meta name=\"description\" content=\"Granomat Plus Feuchtigkeitsmesser f\u00fcr Getreide | Jansen&amp;Heuning\" \/>\n<meta name=\"robots\" content=\"index, follow, max-snippet:-1, max-image-preview:large, max-video-preview:-1\" \/>\n<link rel=\"canonical\" href=\"https:\/\/jh.nl\/de\/product\/granomat-plus\/\" \/>\n<meta property=\"og:locale\" content=\"de_DE\" \/>\n<meta property=\"og:type\" content=\"article\" \/>\n<meta property=\"og:title\" content=\"Granomat Plus Feuchtigkeitsmesser f\u00fcr Getreide | Jansen&amp;Heuning\" \/>\n<meta property=\"og:description\" content=\"Granomat Plus Feuchtigkeitsmesser f\u00fcr Getreide | Jansen&amp;Heuning\" \/>\n<meta property=\"og:url\" content=\"https:\/\/jh.nl\/de\/product\/granomat-plus\/\" \/>\n<meta property=\"og:site_name\" content=\"Jansen&amp;Heuning\" \/>\n<meta property=\"article:publisher\" content=\"https:\/\/www.facebook.com\/JansenHeuning\" \/>\n<meta property=\"article:modified_time\" content=\"2023-10-12T11:23:11+00:00\" \/>\n<meta property=\"og:image\" content=\"https:\/\/jh.nl\/wp-content\/uploads\/2023\/10\/Granomat_plus-removebg-preview.png\" \/>\n\t<meta property=\"og:image:width\" content=\"500\" \/>\n\t<meta property=\"og:image:height\" content=\"500\" \/>\n\t<meta property=\"og:image:type\" content=\"image\/png\" \/>\n<meta name=\"twitter:card\" content=\"summary_large_image\" \/>\n<meta name=\"twitter:label1\" content=\"Gesch\u00e4tzte Lesezeit\" \/>\n\t<meta name=\"twitter:data1\" content=\"1\u00a0Minute\" \/>\n<script type=\"application\/ld+json\" class=\"yoast-schema-graph\">{\"@context\":\"https:\\\/\\\/schema.org\",\"@graph\":[{\"@type\":\"WebPage\",\"@id\":\"https:\\\/\\\/jh.nl\\\/de\\\/product\\\/granomat-plus\\\/\",\"url\":\"https:\\\/\\\/jh.nl\\\/de\\\/product\\\/granomat-plus\\\/\",\"name\":\"Granomat Plus Feuchtigkeitsmesser f\u00fcr Getreide | Jansen&amp;Heuning\",\"isPartOf\":{\"@id\":\"https:\\\/\\\/jh.nl\\\/nl\\\/#website\"},\"primaryImageOfPage\":{\"@id\":\"https:\\\/\\\/jh.nl\\\/de\\\/product\\\/granomat-plus\\\/#primaryimage\"},\"image\":{\"@id\":\"https:\\\/\\\/jh.nl\\\/de\\\/product\\\/granomat-plus\\\/#primaryimage\"},\"thumbnailUrl\":\"https:\\\/\\\/jh.nl\\\/wp-content\\\/uploads\\\/2023\\\/10\\\/Granomat_plus-removebg-preview.png\",\"datePublished\":\"2023-10-10T07:20:02+00:00\",\"dateModified\":\"2023-10-12T11:23:11+00:00\",\"description\":\"Granomat Plus Feuchtigkeitsmesser f\u00fcr Getreide | Jansen&amp;Heuning\",\"breadcrumb\":{\"@id\":\"https:\\\/\\\/jh.nl\\\/de\\\/product\\\/granomat-plus\\\/#breadcrumb\"},\"inLanguage\":\"de\",\"potentialAction\":[{\"@type\":\"ReadAction\",\"target\":[\"https:\\\/\\\/jh.nl\\\/de\\\/product\\\/granomat-plus\\\/\"]}]},{\"@type\":\"ImageObject\",\"inLanguage\":\"de\",\"@id\":\"https:\\\/\\\/jh.nl\\\/de\\\/product\\\/granomat-plus\\\/#primaryimage\",\"url\":\"https:\\\/\\\/jh.nl\\\/wp-content\\\/uploads\\\/2023\\\/10\\\/Granomat_plus-removebg-preview.png\",\"contentUrl\":\"https:\\\/\\\/jh.nl\\\/wp-content\\\/uploads\\\/2023\\\/10\\\/Granomat_plus-removebg-preview.png\",\"width\":500,\"height\":500},{\"@type\":\"BreadcrumbList\",\"@id\":\"https:\\\/\\\/jh.nl\\\/de\\\/product\\\/granomat-plus\\\/#breadcrumb\",\"itemListElement\":[{\"@type\":\"ListItem\",\"position\":1,\"name\":\"Home\",\"item\":\"https:\\\/\\\/jh.nl\\\/de\\\/\"},{\"@type\":\"ListItem\",\"position\":2,\"name\":\"Producten\",\"item\":\"https:\\\/\\\/jh.nl\\\/nl\\\/producten\\\/\"},{\"@type\":\"ListItem\",\"position\":3,\"name\":\"Getreidetechnik\",\"item\":\"https:\\\/\\\/jh.nl\\\/de\\\/produkt-kategorie\\\/getreidetechnik\\\/\"},{\"@type\":\"ListItem\",\"position\":4,\"name\":\"Steuerungsger\u00e4te\",\"item\":\"https:\\\/\\\/jh.nl\\\/de\\\/produkt-kategorie\\\/getreidetechnik\\\/steuerungsgeraete\\\/\"},{\"@type\":\"ListItem\",\"position\":5,\"name\":\"Granomat Plus Feuchtigkeitsmesser f\u00fcr Getreide\"}]},{\"@type\":\"WebSite\",\"@id\":\"https:\\\/\\\/jh.nl\\\/nl\\\/#website\",\"url\":\"https:\\\/\\\/jh.nl\\\/nl\\\/\",\"name\":\"Jansen & Heuning\",\"description\":\"Bulk Handling Systems\",\"publisher\":{\"@id\":\"https:\\\/\\\/jh.nl\\\/nl\\\/#organization\"},\"alternateName\":\"J&H\",\"potentialAction\":[{\"@type\":\"SearchAction\",\"target\":{\"@type\":\"EntryPoint\",\"urlTemplate\":\"https:\\\/\\\/jh.nl\\\/nl\\\/?s={search_term_string}\"},\"query-input\":{\"@type\":\"PropertyValueSpecification\",\"valueRequired\":true,\"valueName\":\"search_term_string\"}}],\"inLanguage\":\"de\"},{\"@type\":\"Organization\",\"@id\":\"https:\\\/\\\/jh.nl\\\/nl\\\/#organization\",\"name\":\"Jansen & Heuning\",\"alternateName\":\"J&H\",\"url\":\"https:\\\/\\\/jh.nl\\\/nl\\\/\",\"logo\":{\"@type\":\"ImageObject\",\"inLanguage\":\"de\",\"@id\":\"https:\\\/\\\/jh.nl\\\/nl\\\/#\\\/schema\\\/logo\\\/image\\\/\",\"url\":\"https:\\\/\\\/jh.nl\\\/wp-content\\\/uploads\\\/2022\\\/05\\\/JH-logo-scaled.gif\",\"contentUrl\":\"https:\\\/\\\/jh.nl\\\/wp-content\\\/uploads\\\/2022\\\/05\\\/JH-logo-scaled.gif\",\"width\":2560,\"height\":429,\"caption\":\"Jansen & Heuning\"},\"image\":{\"@id\":\"https:\\\/\\\/jh.nl\\\/nl\\\/#\\\/schema\\\/logo\\\/image\\\/\"},\"sameAs\":[\"https:\\\/\\\/www.facebook.com\\\/JansenHeuning\",\"https:\\\/\\\/www.youtube.com\\\/user\\\/JansenenHeuning\\\/featured\",\"https:\\\/\\\/www.linkedin.com\\\/company\\\/1768497\\\/\"]}]}<\/script>\n<!-- \/ Yoast SEO plugin. -->","yoast_head_json":{"title":"Granomat Plus Feuchtigkeitsmesser f\u00fcr Getreide | Jansen&amp;Heuning","description":"Granomat Plus Feuchtigkeitsmesser f\u00fcr Getreide | Jansen&amp;Heuning","robots":{"index":"index","follow":"follow","max-snippet":"max-snippet:-1","max-image-preview":"max-image-preview:large","max-video-preview":"max-video-preview:-1"},"canonical":"https:\/\/jh.nl\/de\/product\/granomat-plus\/","og_locale":"de_DE","og_type":"article","og_title":"Granomat Plus Feuchtigkeitsmesser f\u00fcr Getreide | Jansen&amp;Heuning","og_description":"Granomat Plus Feuchtigkeitsmesser f\u00fcr Getreide | Jansen&amp;Heuning","og_url":"https:\/\/jh.nl\/de\/product\/granomat-plus\/","og_site_name":"Jansen&amp;Heuning","article_publisher":"https:\/\/www.facebook.com\/JansenHeuning","article_modified_time":"2023-10-12T11:23:11+00:00","og_image":[{"width":500,"height":500,"url":"https:\/\/jh.nl\/wp-content\/uploads\/2023\/10\/Granomat_plus-removebg-preview.png","type":"image\/png"}],"twitter_card":"summary_large_image","twitter_misc":{"Gesch\u00e4tzte Lesezeit":"1\u00a0Minute"},"schema":{"@context":"https:\/\/schema.org","@graph":[{"@type":"WebPage","@id":"https:\/\/jh.nl\/de\/product\/granomat-plus\/","url":"https:\/\/jh.nl\/de\/product\/granomat-plus\/","name":"Granomat Plus Feuchtigkeitsmesser f\u00fcr Getreide | Jansen&amp;Heuning","isPartOf":{"@id":"https:\/\/jh.nl\/nl\/#website"},"primaryImageOfPage":{"@id":"https:\/\/jh.nl\/de\/product\/granomat-plus\/#primaryimage"},"image":{"@id":"https:\/\/jh.nl\/de\/product\/granomat-plus\/#primaryimage"},"thumbnailUrl":"https:\/\/jh.nl\/wp-content\/uploads\/2023\/10\/Granomat_plus-removebg-preview.png","datePublished":"2023-10-10T07:20:02+00:00","dateModified":"2023-10-12T11:23:11+00:00","description":"Granomat Plus Feuchtigkeitsmesser f\u00fcr Getreide | Jansen&amp;Heuning","breadcrumb":{"@id":"https:\/\/jh.nl\/de\/product\/granomat-plus\/#breadcrumb"},"inLanguage":"de","potentialAction":[{"@type":"ReadAction","target":["https:\/\/jh.nl\/de\/product\/granomat-plus\/"]}]},{"@type":"ImageObject","inLanguage":"de","@id":"https:\/\/jh.nl\/de\/product\/granomat-plus\/#primaryimage","url":"https:\/\/jh.nl\/wp-content\/uploads\/2023\/10\/Granomat_plus-removebg-preview.png","contentUrl":"https:\/\/jh.nl\/wp-content\/uploads\/2023\/10\/Granomat_plus-removebg-preview.png","width":500,"height":500},{"@type":"BreadcrumbList","@id":"https:\/\/jh.nl\/de\/product\/granomat-plus\/#breadcrumb","itemListElement":[{"@type":"ListItem","position":1,"name":"Home","item":"https:\/\/jh.nl\/de\/"},{"@type":"ListItem","position":2,"name":"Producten","item":"https:\/\/jh.nl\/nl\/producten\/"},{"@type":"ListItem","position":3,"name":"Getreidetechnik","item":"https:\/\/jh.nl\/de\/produkt-kategorie\/getreidetechnik\/"},{"@type":"ListItem","position":4,"name":"Steuerungsger\u00e4te","item":"https:\/\/jh.nl\/de\/produkt-kategorie\/getreidetechnik\/steuerungsgeraete\/"},{"@type":"ListItem","position":5,"name":"Granomat Plus Feuchtigkeitsmesser f\u00fcr Getreide"}]},{"@type":"WebSite","@id":"https:\/\/jh.nl\/nl\/#website","url":"https:\/\/jh.nl\/nl\/","name":"Jansen & Heuning","description":"Bulk Handling Systems","publisher":{"@id":"https:\/\/jh.nl\/nl\/#organization"},"alternateName":"J&H","potentialAction":[{"@type":"SearchAction","target":{"@type":"EntryPoint","urlTemplate":"https:\/\/jh.nl\/nl\/?s={search_term_string}"},"query-input":{"@type":"PropertyValueSpecification","valueRequired":true,"valueName":"search_term_string"}}],"inLanguage":"de"},{"@type":"Organization","@id":"https:\/\/jh.nl\/nl\/#organization","name":"Jansen & Heuning","alternateName":"J&H","url":"https:\/\/jh.nl\/nl\/","logo":{"@type":"ImageObject","inLanguage":"de","@id":"https:\/\/jh.nl\/nl\/#\/schema\/logo\/image\/","url":"https:\/\/jh.nl\/wp-content\/uploads\/2022\/05\/JH-logo-scaled.gif","contentUrl":"https:\/\/jh.nl\/wp-content\/uploads\/2022\/05\/JH-logo-scaled.gif","width":2560,"height":429,"caption":"Jansen & Heuning"},"image":{"@id":"https:\/\/jh.nl\/nl\/#\/schema\/logo\/image\/"},"sameAs":["https:\/\/www.facebook.com\/JansenHeuning","https:\/\/www.youtube.com\/user\/JansenenHeuning\/featured","https:\/\/www.linkedin.com\/company\/1768497\/"]}]}},"_links":{"self":[{"href":"https:\/\/jh.nl\/de\/wp-json\/wp\/v2\/product\/22538","targetHints":{"allow":["GET"]}}],"collection":[{"href":"https:\/\/jh.nl\/de\/wp-json\/wp\/v2\/product"}],"about":[{"href":"https:\/\/jh.nl\/de\/wp-json\/wp\/v2\/types\/product"}],"replies":[{"embeddable":true,"href":"https:\/\/jh.nl\/de\/wp-json\/wp\/v2\/comments?post=22538"}],"wp:featuredmedia":[{"embeddable":true,"href":"https:\/\/jh.nl\/de\/wp-json\/wp\/v2\/media\/22535"}],"wp:attachment":[{"href":"https:\/\/jh.nl\/de\/wp-json\/wp\/v2\/media?parent=22538"}],"wp:term":[{"taxonomy":"product_brand","embeddable":true,"href":"https:\/\/jh.nl\/de\/wp-json\/wp\/v2\/product_brand?post=22538"},{"taxonomy":"product_cat","embeddable":true,"href":"https:\/\/jh.nl\/de\/wp-json\/wp\/v2\/product_cat?post=22538"},{"taxonomy":"product_tag","embeddable":true,"href":"https:\/\/jh.nl\/de\/wp-json\/wp\/v2\/product_tag?post=22538"}],"curies":[{"name":"wp","href":"https:\/\/api.w.org\/{rel}","templated":true}]}}